{"id":285,"date":"2024-03-21T11:38:19","date_gmt":"2024-03-21T10:38:19","guid":{"rendered":"https:\/\/nourhb123.wpcomstaging.com\/?page_id=285"},"modified":"2024-06-19T14:40:18","modified_gmt":"2024-06-19T14:40:18","slug":"our-work","status":"publish","type":"page","link":"https:\/\/drkhaledfahoum.com\/index.php\/our-work\/","title":{"rendered":"Our Work"},"content":{"rendered":"[vc_row type=&#8221;full_width_content&#8221; full_screen_row_position=&#8221;middle&#8221; column_margin=&#8221;default&#8221; column_direction=&#8221;default&#8221; column_direction_tablet=&#8221;default&#8221; column_direction_phone=&#8221;default&#8221; mouse_based_parallax_bg=&#8221;true&#8221; scene_position=&#8221;center&#8221; layer_one_image=&#8221;501&#8243; layer_one_strength=&#8221;1&#8243; top_padding=&#8221;10%&#8221; constrain_group_1=&#8221;yes&#8221; bottom_padding=&#8221;10%&#8221; top_padding_tablet=&#8221;10%&#8221; constrain_group_3=&#8221;yes&#8221; bottom_padding_tablet=&#8221;10%&#8221; top_padding_phone=&#8221;10%&#8221; constrain_group_5=&#8221;yes&#8221; bottom_padding_phone=&#8221;10%&#8221; text_color=&#8221;dark&#8221; text_align=&#8221;center&#8221; row_border_radius=&#8221;none&#8221; row_border_radius_applies=&#8221;bg&#8221; overlay_strength=&#8221;0.3&#8243; gradient_direction=&#8221;left_to_right&#8221; shape_divider_position=&#8221;bottom&#8221; bg_image_animation=&#8221;none&#8221; shape_type=&#8221;&#8221;][vc_column column_padding=&#8221;no-extra-padding&#8221; column_padding_tablet=&#8221;inherit&#8221; column_padding_phone=&#8221;inherit&#8221; column_padding_position=&#8221;all&#8221; column_element_spacing=&#8221;default&#8221; centered_text=&#8221;true&#8221; background_color_opacity=&#8221;1&#8243; background_hover_color_opacity=&#8221;1&#8243; column_shadow=&#8221;none&#8221; column_border_radius=&#8221;none&#8221; column_link_target=&#8221;_self&#8221; gradient_direction=&#8221;left_to_right&#8221; overlay_strength=&#8221;0.3&#8243; width=&#8221;1\/1&#8243; tablet_width_inherit=&#8221;default&#8221; tablet_text_alignment=&#8221;default&#8221; phone_text_alignment=&#8221;default&#8221; bg_image_animation=&#8221;none&#8221; border_type=&#8221;simple&#8221; column_border_width=&#8221;none&#8221; column_border_style=&#8221;solid&#8221;][\/vc_column][\/vc_row][vc_row type=&#8221;in_container&#8221; full_screen_row_position=&#8221;middle&#8221; column_margin=&#8221;default&#8221; column_direction=&#8221;default&#8221; column_direction_tablet=&#8221;default&#8221; column_direction_phone=&#8221;default&#8221; scene_position=&#8221;center&#8221; text_color=&#8221;dark&#8221; text_align=&#8221;left&#8221; row_border_radius=&#8221;none&#8221; row_border_radius_applies=&#8221;bg&#8221; overlay_strength=&#8221;0.3&#8243; gradient_direction=&#8221;left_to_right&#8221; shape_divider_position=&#8221;bottom&#8221; bg_image_animation=&#8221;none&#8221;][vc_column column_padding=&#8221;padding-5-percent&#8221; column_padding_tablet=&#8221;inherit&#8221; column_padding_phone=&#8221;inherit&#8221; column_padding_position=&#8221;all&#8221; column_element_spacing=&#8221;default&#8221; background_color_opacity=&#8221;1&#8243; background_hover_color_opacity=&#8221;1&#8243; column_shadow=&#8221;none&#8221; column_border_radius=&#8221;none&#8221; column_link_target=&#8221;_self&#8221; gradient_direction=&#8221;left_to_right&#8221; overlay_strength=&#8221;0.3&#8243; width=&#8221;1\/1&#8243; tablet_width_inherit=&#8221;default&#8221; tablet_text_alignment=&#8221;default&#8221; phone_text_alignment=&#8221;default&#8221; bg_image_animation=&#8221;none&#8221; border_type=&#8221;simple&#8221; column_border_width=&#8221;none&#8221; column_border_style=&#8221;solid&#8221;][vc_column_text css_animation=&#8221;bounceInDown&#8221;]\n<h2 style=\"color: #0087be;\">Prenez rendez-vous avec le Dr Khaled Fahoum<\/h2>\n[\/vc_column_text][divider line_type=&#8221;Full Width Line&#8221; line_thickness=&#8221;1&#8243; divider_color=&#8221;accent-color&#8221; animate=&#8221;yes&#8221; custom_height=&#8221;3px&#8221; delay=&#8221;150&#8243;][vc_column_text css_animation=&#8221;bounceInDown&#8221;]\n<h6 style=\"text-align: justify;\">\u00a0Pour pouvoir mieux comprendre l&#8217;\u00e9tat de vos cheveux, explorer les options de traitement et vous fournir une estimation des co\u00fbts, nous vous serions reconnaissants de nous envoyer par e-mail des photos claires et bien \u00e9clair\u00e9es de vos cheveux. Ces photos devraient \u00eatre prises par quelqu&#8217;un d&#8217;autre et inclure des vues de face, de dessus et de profil des zones \u00e0 traiter, ainsi que de la zone donneuse (la nuque et les c\u00f4t\u00e9s). Ces images nous aideront \u00e0 \u00e9tablir un diagnostic pr\u00e9liminaire et \u00e0 vous fournir un devis approximatif en fonction du nombre de greffons n\u00e9cessaires.<\/h6>\n[\/vc_column_text][vc_column_text css_animation=&#8221;bounceInDown&#8221;]\n<h6 style=\"text-align: justify;\">Voici quelques questions auxquelles vous pouvez r\u00e9pondre pour nous permettre d&#8217;avoir une id\u00e9e aussi pr\u00e9cise que possible de vos anticipations et de vos attentes:<\/h6>\n[\/vc_column_text]<div class=\"nectar-fancy-ul\" data-list-icon=\"icon-salient-thin-line\" data-animation=\"true\" data-animation-delay=\"150\" data-color=\"accent-color\" data-spacing=\"default\" data-alignment=\"left\"> \n<ul>\n<li><strong>Nom &amp; pr\u00e9nom<\/strong><\/li>\n<li><strong>Age<\/strong><\/li>\n<li><strong>Num\u00e9ro de t\u00e9l\u00e9phone (obligatoire)<\/strong><\/li>\n<li><strong>Pays de r\u00e9sidence (obligatoire)<\/strong><\/li>\n<\/ul>\n <\/div>[vc_column_text css_animation=&#8221;bounceInDown&#8221;]\n<h3 style=\"color: #0087be;\">\u00a0VOTRE SITUATION CAPILLAIRE<\/h3>\n[\/vc_column_text]<div class=\"nectar-fancy-ul\" data-list-icon=\"icon-salient-thin-line\" data-animation=\"true\" data-animation-delay=\"150\" data-color=\"accent-color\" data-spacing=\"default\" data-alignment=\"left\"> \n<ul>\n<li><strong>Type de cheveux : Africain \/ Asiatique \/ Europ\u00e9en<\/strong><\/li>\n<li><strong>Texture de cheveux: Boucl\u00e9 \/ Fin \/ Cr\u00e9pu\/ Moyen \/ Lisse \/ Epais <\/strong><\/li>\n<li><strong>Couleur de cheveux: Noir \/ Blond \/ Ch\u00e2tin \/ Gris\u00a0<\/strong><\/li>\n<\/ul>\n <\/div>[vc_column_text css_animation=&#8221;bounceInDown&#8221;]\n<h3 style=\"color: #0087be;\">CHUTE DE CHEVEUX:<\/h3>\n[\/vc_column_text]<div class=\"nectar-fancy-ul\" data-list-icon=\"icon-salient-thin-line\" data-animation=\"true\" data-animation-delay=\"150\" data-color=\"accent-color\" data-spacing=\"default\" data-alignment=\"left\"> \n<ul>\n<li style=\"text-align: justify;\"><strong>Y-a-t&#8217; il des membres de votre famille ayant un probl\u00e8me de calvitie ? Oui \/ Non <\/strong><\/li>\n<li style=\"text-align: left;\"><strong>Dur\u00e9e de votre chute de cheveux ? Mois \/ Semaines \/ Ann\u00e9es <\/strong><\/li>\n<li style=\"text-align: left;\"><strong>O\u00f9 se localise votre calvitie ? Diffuse \/ Le dessus du cr\u00e2ne \/ La ligne capillaire \/ Les lobes frontaux \/ La tonsure <\/strong><\/li>\n<li style=\"text-align: left;\"><strong>Utilisez-vous ou avez-vous utilis\u00e9 dans le pass\u00e9 un de ces traitements m\u00e9dicaux sous mentionn\u00e9s ? Finasteride \/ Dutasteride \/ Rogaine\/ Minoxidil \/ Aucun traitement capillaire \/ Autre <\/strong><\/li>\n<li style=\"text-align: left;\"><strong>Avez vous des ant\u00e9c\u00e9dents m\u00e9dicaux \/ traitements en-cours?<\/strong><\/li>\n<\/ul>\n <\/div>[vc_column_text css_animation=&#8221;bounceInDown&#8221;]\n<h3 style=\"color: #0087be;\">SITUATION CAPILLAIRE (PHOTOS):<\/h3>\n[\/vc_column_text][vc_column_text css_animation=&#8221;bounceInDown&#8221;]\n<h6>Afin d&#8217;offrir \u00e0 Dr. Khaled Fahoum un bon aper\u00e7u de votre \u00e9tat capillaire r\u00e9el, vous pouvez lui envoyer des photos de bonne qualit\u00e9.<\/h6>\n[\/vc_column_text][nectar_icon icon_family=&#8221;iconsmind&#8221; icon_style=&#8221;default&#8221; icon_color_type=&#8221;color_scheme&#8221; icon_color=&#8221;white&#8221; icon_padding=&#8221;20px&#8221; icon_iconsmind=&#8221;iconsmind-Clock&#8221; icon_size=&#8221;40&#8243;][\/vc_column][\/vc_row][vc_row type=&#8221;full_width_content&#8221; full_screen_row_position=&#8221;middle&#8221; column_margin=&#8221;default&#8221; column_direction=&#8221;default&#8221; column_direction_tablet=&#8221;default&#8221; column_direction_phone=&#8221;default&#8221; bg_color=&#8221;#0087be&#8221; scene_position=&#8221;center&#8221; text_color=&#8221;dark&#8221; text_align=&#8221;left&#8221; row_border_radius=&#8221;none&#8221; row_border_radius_applies=&#8221;bg&#8221; overlay_strength=&#8221;0.3&#8243; gradient_direction=&#8221;left_to_right&#8221; shape_divider_position=&#8221;bottom&#8221; bg_image_animation=&#8221;none&#8221; shape_type=&#8221;&#8221;][vc_column column_padding=&#8221;padding-4-percent&#8221; column_padding_tablet=&#8221;inherit&#8221; column_padding_phone=&#8221;inherit&#8221; column_padding_position=&#8221;all&#8221; column_element_spacing=&#8221;default&#8221; background_color_opacity=&#8221;1&#8243; background_hover_color_opacity=&#8221;1&#8243; column_shadow=&#8221;none&#8221; column_border_radius=&#8221;none&#8221; column_link_target=&#8221;_self&#8221; gradient_direction=&#8221;left_to_right&#8221; overlay_strength=&#8221;0.3&#8243; width=&#8221;2\/3&#8243; tablet_width_inherit=&#8221;default&#8221; tablet_text_alignment=&#8221;default&#8221; phone_text_alignment=&#8221;default&#8221; bg_image_animation=&#8221;none&#8221; border_type=&#8221;simple&#8221; column_border_width=&#8221;none&#8221; column_border_style=&#8221;solid&#8221;][vc_column_text]\n<h3 style=\"color: white; text-align: center;\">SI VOUS AVEZ BESOIN D&#8217;UN M\u00c9DECIN ? PRENEZ RENDEZ-VOUS MAINTENANT !<\/h3>\n[\/vc_column_text][vc_column_text]\n<h6 style=\"color: white; text-align: justify;\">\u00a0Laissez-nous vous guider vers une chevelure luxuriante et une confiance renouvel\u00e9e ! Prenez rendez-vous d\u00e8s maintenant en appelant notre \u00e9quipe d\u00e9vou\u00e9e au Cabinet du Dr. Khaled Fahoum. N&#8217;h\u00e9sitez plus, votre voyage vers des cheveux magnifiques commence ici !<\/h6>\n[\/vc_column_text][\/vc_column][vc_column column_padding=&#8221;padding-5-percent&#8221; column_padding_tablet=&#8221;inherit&#8221; column_padding_phone=&#8221;inherit&#8221; column_padding_position=&#8221;all&#8221; column_element_spacing=&#8221;default&#8221; centered_text=&#8221;true&#8221; background_color_opacity=&#8221;1&#8243; background_hover_color_opacity=&#8221;1&#8243; column_shadow=&#8221;none&#8221; column_border_radius=&#8221;none&#8221; column_link_target=&#8221;_self&#8221; gradient_direction=&#8221;left_to_right&#8221; overlay_strength=&#8221;0.3&#8243; width=&#8221;1\/3&#8243; tablet_width_inherit=&#8221;default&#8221; tablet_text_alignment=&#8221;default&#8221; phone_text_alignment=&#8221;default&#8221; bg_image_animation=&#8221;none&#8221; border_type=&#8221;simple&#8221; column_border_width=&#8221;none&#8221; column_border_style=&#8221;solid&#8221;][nectar_btn size=&#8221;jumbo&#8221; constrain_group_1=&#8221;yes&#8221; button_style=&#8221;regular&#8221; button_color_2=&#8221;Extra-Color-3&#8243; color_override=&#8221;#ffffff&#8221; solid_text_color_override=&#8221;#1e73be&#8221; icon_family=&#8221;none&#8221; text=&#8221;PRENDRE UN RENDEZ VOUS&#8221; url=&#8221;https:\/\/drkhaledfahoum.com\/index.php\/appointment\/&#8221;][\/vc_column][\/vc_row][vc_row type=&#8221;full_width_background&#8221; full_screen_row_position=&#8221;middle&#8221; column_margin=&#8221;default&#8221; column_direction=&#8221;default&#8221; column_direction_tablet=&#8221;default&#8221; column_direction_phone=&#8221;default&#8221; bg_color=&#8221;#212121&#8243; scene_position=&#8221;center&#8221; top_padding=&#8221;1%&#8221; bottom_padding=&#8221;1%&#8221; top_padding_tablet=&#8221;10%&#8221; bottom_padding_tablet=&#8221;20%&#8221; text_color=&#8221;light&#8221; text_align=&#8221;left&#8221; row_border_radius=&#8221;none&#8221; row_border_radius_applies=&#8221;bg&#8221; overlay_strength=&#8221;0.3&#8243; gradient_direction=&#8221;left_to_right&#8221; enable_shape_divider=&#8221;true&#8221; shape_divider_color=&#8221;#5b5b5b&#8221; shape_divider_position=&#8221;top&#8221; shape_divider_height=&#8221;1&#8243; bg_image_animation=&#8221;none&#8221; shape_type=&#8221;straight_section&#8221;][vc_column column_padding=&#8221;no-extra-padding&#8221; column_padding_tablet=&#8221;inherit&#8221; column_padding_phone=&#8221;inherit&#8221; column_padding_position=&#8221;all&#8221; column_element_spacing=&#8221;default&#8221; background_color_opacity=&#8221;1&#8243; background_hover_color_opacity=&#8221;1&#8243; column_shadow=&#8221;none&#8221; column_border_radius=&#8221;none&#8221; column_link_target=&#8221;_self&#8221; gradient_direction=&#8221;left_to_right&#8221; overlay_strength=&#8221;0.3&#8243; width=&#8221;1\/3&#8243; tablet_width_inherit=&#8221;default&#8221; tablet_text_alignment=&#8221;default&#8221; phone_text_alignment=&#8221;default&#8221; bg_image_animation=&#8221;none&#8221; border_type=&#8221;advanced&#8221; column_border_style=&#8221;solid&#8221;][vc_row_inner column_margin=&#8221;default&#8221; column_direction=&#8221;default&#8221; column_direction_tablet=&#8221;default&#8221; column_direction_phone=&#8221;default&#8221; text_align=&#8221;left&#8221;][vc_column_inner column_padding=&#8221;no-extra-padding&#8221; column_padding_tablet=&#8221;inherit&#8221; column_padding_phone=&#8221;inherit&#8221; column_padding_position=&#8221;all&#8221; column_element_spacing=&#8221;default&#8221; background_color_opacity=&#8221;1&#8243; background_hover_color_opacity=&#8221;1&#8243; column_shadow=&#8221;none&#8221; column_border_radius=&#8221;none&#8221; column_link_target=&#8221;_self&#8221; gradient_direction=&#8221;left_to_right&#8221; overlay_strength=&#8221;0.3&#8243; width=&#8221;1\/1&#8243; tablet_width_inherit=&#8221;default&#8221; bg_image_animation=&#8221;none&#8221; border_type=&#8221;simple&#8221; column_border_width=&#8221;none&#8221; column_border_style=&#8221;solid&#8221;][vc_column_text]\n<h3 class=\"widget-title\">QUI SOMMES NOUS<\/h3>\n[\/vc_column_text][divider line_type=&#8221;Full Width Line&#8221; line_thickness=&#8221;1&#8243; divider_color=&#8221;default&#8221; custom_height=&#8221;3px&#8221;][\/vc_column_inner][\/vc_row_inner][vc_column_text]\n<h6 class=\"widget-title\">Le cabinet du Dr. Khaled Fahoum offre des solutions personnalis\u00e9es de restauration capillaire dans un environnement accueillant et professionnel.<\/h6>\n[\/vc_column_text][image_with_animation image_url=&#8221;24&#8243; animation=&#8221;Fade In&#8221; hover_animation=&#8221;none&#8221; alignment=&#8221;&#8221; border_radius=&#8221;none&#8221; box_shadow=&#8221;none&#8221; image_loading=&#8221;default&#8221; max_width=&#8221;50%&#8221; max_width_mobile=&#8221;default&#8221;][\/vc_column][vc_column column_padding=&#8221;no-extra-padding&#8221; column_padding_tablet=&#8221;inherit&#8221; column_padding_phone=&#8221;inherit&#8221; column_padding_position=&#8221;all&#8221; top_margin_phone=&#8221;30%&#8221; constrain_group_5=&#8221;yes&#8221; bottom_margin_phone=&#8221;30%&#8221; column_element_spacing=&#8221;default&#8221; background_color_opacity=&#8221;1&#8243; background_hover_color_opacity=&#8221;1&#8243; column_shadow=&#8221;none&#8221; column_border_radius=&#8221;none&#8221; column_link_target=&#8221;_self&#8221; gradient_direction=&#8221;left_to_right&#8221; overlay_strength=&#8221;0.3&#8243; width=&#8221;1\/3&#8243; tablet_width_inherit=&#8221;default&#8221; tablet_text_alignment=&#8221;default&#8221; phone_text_alignment=&#8221;default&#8221; bg_image_animation=&#8221;none&#8221; border_type=&#8221;simple&#8221; column_border_width=&#8221;none&#8221; column_border_style=&#8221;solid&#8221;][vc_row_inner column_margin=&#8221;default&#8221; column_direction=&#8221;default&#8221; column_direction_tablet=&#8221;default&#8221; column_direction_phone=&#8221;default&#8221; text_align=&#8221;left&#8221;][vc_column_inner column_padding=&#8221;no-extra-padding&#8221; column_padding_tablet=&#8221;inherit&#8221; column_padding_phone=&#8221;inherit&#8221; column_padding_position=&#8221;all&#8221; column_element_spacing=&#8221;default&#8221; background_color_opacity=&#8221;1&#8243; background_hover_color_opacity=&#8221;1&#8243; column_shadow=&#8221;none&#8221; column_border_radius=&#8221;none&#8221; column_link_target=&#8221;_self&#8221; gradient_direction=&#8221;left_to_right&#8221; overlay_strength=&#8221;0.3&#8243; width=&#8221;1\/1&#8243; tablet_width_inherit=&#8221;default&#8221; bg_image_animation=&#8221;none&#8221; border_type=&#8221;simple&#8221; column_border_width=&#8221;none&#8221; column_border_style=&#8221;solid&#8221;][vc_column_text]\n<h3 class=\"widget-title\">LIENS RAPIDES<\/h3>\n[\/vc_column_text][divider line_type=&#8221;Full Width Line&#8221; line_thickness=&#8221;1&#8243; divider_color=&#8221;default&#8221; custom_height=&#8221;3px&#8221;][\/vc_column_inner][\/vc_row_inner][vc_wp_custommenu nav_menu=&#8221;3&#8243;][\/vc_column][vc_column column_padding=&#8221;no-extra-padding&#8221; column_padding_tablet=&#8221;inherit&#8221; column_padding_phone=&#8221;inherit&#8221; column_padding_position=&#8221;all&#8221; column_element_spacing=&#8221;default&#8221; background_color_opacity=&#8221;1&#8243; background_hover_color_opacity=&#8221;1&#8243; column_shadow=&#8221;none&#8221; column_border_radius=&#8221;none&#8221; column_link_target=&#8221;_self&#8221; gradient_direction=&#8221;left_to_right&#8221; overlay_strength=&#8221;0.3&#8243; width=&#8221;1\/3&#8243; tablet_width_inherit=&#8221;default&#8221; tablet_text_alignment=&#8221;default&#8221; phone_text_alignment=&#8221;default&#8221; bg_image_animation=&#8221;none&#8221; border_type=&#8221;simple&#8221; column_border_width=&#8221;none&#8221; column_border_style=&#8221;solid&#8221;][vc_row_inner column_margin=&#8221;default&#8221; column_direction=&#8221;default&#8221; column_direction_tablet=&#8221;default&#8221; column_direction_phone=&#8221;default&#8221; text_align=&#8221;left&#8221;][vc_column_inner column_padding=&#8221;no-extra-padding&#8221; column_padding_tablet=&#8221;inherit&#8221; column_padding_phone=&#8221;inherit&#8221; column_padding_position=&#8221;all&#8221; column_element_spacing=&#8221;default&#8221; background_color_opacity=&#8221;1&#8243; background_hover_color_opacity=&#8221;1&#8243; column_shadow=&#8221;none&#8221; column_border_radius=&#8221;none&#8221; column_link_target=&#8221;_self&#8221; gradient_direction=&#8221;left_to_right&#8221; overlay_strength=&#8221;0.3&#8243; width=&#8221;1\/1&#8243; tablet_width_inherit=&#8221;default&#8221; bg_image_animation=&#8221;none&#8221; border_type=&#8221;simple&#8221; column_border_width=&#8221;none&#8221; column_border_style=&#8221;solid&#8221;][vc_column_text]\n<h3 class=\"widget-title\">NOTRE INFORMATIONS<\/h3>\n[\/vc_column_text][divider line_type=&#8221;Full Width Line&#8221; line_thickness=&#8221;1&#8243; divider_color=&#8221;default&#8221; custom_height=&#8221;3px&#8221;][\/vc_column_inner][\/vc_row_inner]<div class=\"iwithtext\"><div class=\"iwt-icon\"> <i class=\"icon-default-style fa fa-location-arrow accent-color\"><\/i> <\/div><div class=\"iwt-text\"> \n<p style=\"text-align: left;\">Immeuble El Faouz, 1053 Rue du Lac Oubeira, Tunis<\/p>\n <\/div><div class=\"clear\"><\/div><\/div><div class=\"iwithtext\"><div class=\"iwt-icon\"> <i class=\"icon-default-style fa fa-phone-square accent-color\"><\/i> <\/div><div class=\"iwt-text\"> \n<p style=\"text-align: left;\">+216 52 368 585 \/ +216 51 368 585<\/p>\n <\/div><div class=\"clear\"><\/div><\/div><div class=\"iwithtext\"><div class=\"iwt-icon\"> <i class=\"icon-default-style steadysets-icon-chat-3 accent-color\"><\/i> <\/div><div class=\"iwt-text\"> \n<p style=\"text-align: left;\"><a href=\"mailto:Contact@drkhaledfahoum.com\">Contact@drkhaledfahoum.com<\/a>\u00a0  <\/div><div class=\"clear\"><\/div><\/div>[\/vc_column][\/vc_row]\n","protected":false},"excerpt":{"rendered":"<p>[vc_row type=&#8221;full_width_content&#8221; full_screen_row_position=&#8221;middle&#8221; column_margin=&#8221;default&#8221; column_direction=&#8221;default&#8221; column_direction_tablet=&#8221;default&#8221; column_direction_phone=&#8221;default&#8221; mouse_based_parallax_bg=&#8221;true&#8221; scene_position=&#8221;center&#8221; layer_one_image=&#8221;501&#8243; layer_one_strength=&#8221;1&#8243; top_padding=&#8221;10%&#8221; constrain_group_1=&#8221;yes&#8221; bottom_padding=&#8221;10%&#8221; top_padding_tablet=&#8221;10%&#8221; constrain_group_3=&#8221;yes&#8221; bottom_padding_tablet=&#8221;10%&#8221; top_padding_phone=&#8221;10%&#8221; constrain_group_5=&#8221;yes&#8221; bottom_padding_phone=&#8221;10%&#8221; text_color=&#8221;dark&#8221; text_align=&#8221;center&#8221; row_border_radius=&#8221;none&#8221; row_border_radius_applies=&#8221;bg&#8221; overlay_strength=&#8221;0.3&#8243; gradient_direction=&#8221;left_to_right&#8221; shape_divider_position=&#8221;bottom&#8221; bg_image_animation=&#8221;none&#8221; shape_type=&#8221;&#8221;][vc_column column_padding=&#8221;no-extra-padding&#8221;&#8230;<\/p>\n","protected":false},"author":1,"featured_media":0,"parent":0,"menu_order":0,"comment_status":"closed","ping_status":"closed","template":"","meta":{"footnotes":""},"class_list":["post-285","page","type-page","status-publish"],"_links":{"self":[{"href":"https:\/\/drkhaledfahoum.com\/index.php\/wp-json\/wp\/v2\/pages\/285","targetHints":{"allow":["GET"]}}],"collection":[{"href":"https:\/\/drkhaledfahoum.com\/index.php\/wp-json\/wp\/v2\/pages"}],"about":[{"href":"https:\/\/drkhaledfahoum.com\/index.php\/wp-json\/wp\/v2\/types\/page"}],"author":[{"embeddable":true,"href":"https:\/\/drkhaledfahoum.com\/index.php\/wp-json\/wp\/v2\/users\/1"}],"replies":[{"embeddable":true,"href":"https:\/\/drkhaledfahoum.com\/index.php\/wp-json\/wp\/v2\/comments?post=285"}],"version-history":[{"count":23,"href":"https:\/\/drkhaledfahoum.com\/index.php\/wp-json\/wp\/v2\/pages\/285\/revisions"}],"predecessor-version":[{"id":792,"href":"https:\/\/drkhaledfahoum.com\/index.php\/wp-json\/wp\/v2\/pages\/285\/revisions\/792"}],"wp:attachment":[{"href":"https:\/\/drkhaledfahoum.com\/index.php\/wp-json\/wp\/v2\/media?parent=285"}],"curies":[{"name":"wp","href":"https:\/\/api.w.org\/{rel}","templated":true}]}}